{"id":78,"date":"2007-04-19T18:33:53","date_gmt":"2007-04-19T17:33:53","guid":{"rendered":"http:\/\/news.amc-arzbach.de\/?page_id=78"},"modified":"2007-04-19T18:33:53","modified_gmt":"2007-04-19T17:33:53","slug":"impressum","status":"publish","type":"page","link":"https:\/\/news.amc-arzbach.de\/?page_id=78","title":{"rendered":"Impressum"},"content":{"rendered":"<h4><u>I<\/u><u><span style=\"font-weight: normal\">mpressum<\/span><\/u><\/h4>\n<h5><span style=\"font-weight: normal\">F\u00fcr: AMC Arzbach e.V. im ADAC<\/span><\/h5>\n<h5><span style=\"font-weight: normal\">Gem\u00e4\u00df \u00a728 BDSG widerspreche ich jeder kommerziellen Verwendung und Weitergabe unserer Daten<\/span><\/h5>\n<h5><span style=\"font-weight: normal\">Verantwortungsbereich:<\/span><\/h5>\n<h5><span style=\"font-weight: normal\">Das Impressum gilt nur f\u00fcr die Internetpr\u00e4senz unter der Adresse: <a href=\"http:\/\/www.amc-arzbach.de\/\">www.amc-arzbach.de<\/a><\/span><\/h5>\n<h5><span style=\"font-weight: normal\">Abgrenzung:<\/span><\/h5>\n<h5><span style=\"font-weight: normal\">Die Web-Pr\u00e4senz ist Teil des WWW und dementsprechend mit fremden, sich jederzeit wandeln k\u00f6nnenden Websites verkn\u00fcpft, die folglich auch nicht diesem Verantwortungsbereich unterliegen und f\u00fcr die nachfolgende Informationen nicht gelten. Das die Links weder gegen Sitten noch Gesetze versto\u00dfen, wurde genau ein mal gepr\u00fcft, bevor sie hier<a name=\"symbol\" \/> aufgenommen wurden. Solche Links, die zu fremden Webprojekten f\u00fchren, erkennen Sie daran: <a href=\"http:\/\/www.amc-arzbach.de\/html\/impressum.html#symbol\">Schriftsymbol<\/a><\/span><\/h5>\n<h5><span style=\"font-weight: normal\">Diensteanbieter:<br \/>\nAMC Arzbach e.V. im ADAC<\/span><\/h5>\n<h5><span style=\"font-weight: normal\">Register Nummer:<br \/>\nAmtsgericht Koblenz, Vereinsregister 5 a VR 2044<\/span><\/h5>\n<h5><span style=\"font-weight: normal\">Verantwortliche Ansprechperson:<br \/>\nLothar Diel<\/span><\/h5>\n<h5><span style=\"font-weight: normal\">Anschrift:<br \/>\nHauptstra\u00dfe 48<br \/>\n56337 Arzbach<\/span><\/h5>\n<h5><span style=\"font-weight: normal\">Elektronische Postadresse:<br \/>\namc@lothardiel.de<br \/>\nSchnelle elektronische und unmittelbare Kommunikation: Fax: 02603\/8088<\/span><\/h5>\n<h5><span style=\"font-weight: normal\">Zweck dieses Webprojektes:<br \/>\nInformationen \u00fcber den Motorsportclub AMC Arzbach e.V.<\/span><\/h5>\n<h5><span style=\"font-weight: normal\">Erstellung und Pflege dieser Webpr\u00e4senz\/Journalistisch-redaktionelle Verantwortung:<br \/>\nInternet und mehr&#8230; \u00a0 <a href=\"http:\/\/www.hp-gerharz.de\/\"> www.hp-gerharz.de<\/a><br \/>\nHans-Peter Gerharz, Buchenweg 22, 56337 Arzbach, Mail:webmaster@amc-arzbach.de , Fax: 0941-599-218399<\/span><\/h5>\n<h5><span style=\"font-weight: normal\">Urheberschutz und Nutzung:<br \/>\nDer Urheber r\u00e4umt Ihnen ganz konkret das Nutzungsrecht ein, sich eine private Kopie f\u00fcr pers\u00f6nliche Zwecke anzufertigen. Nicht berechtigt sind Sie dagegen, die Materialien zu ver\u00e4ndern und\/oder weiter zu geben oder gar selbst zu ver\u00f6ffentlichen. Wenn nicht ausdr\u00fccklich anders vermerkt, liegen die Urheberrechte f\u00fcr Texte und Grafik beim AMC Arzbach.<\/span><\/h5>\n<h5><span style=\"font-weight: normal\">Datenschutz:<br \/>\nPersonenbezogene Daten werden nur mit Ihrem Wissen und Ihrer Einwilligung erhoben. Auf Antrag erhalten Sie unentgeldlich Auskunft zu den \u00fcber Sie gespeicherten personenbezogenen Daten. Wenden Sie sich dazu bitte an:<br \/>\nwebmaster@amc-arzbach.de<\/span><\/h5>\n<h5><span style=\"font-weight: normal\">Keine Haftung:<br \/>\nDie Inhalte dieses Webprojektes wurden sorgf\u00e4ltig gepr\u00fcft und nach bestem Wissen erstellt. Aber f\u00fcr die hier dargebotenen Informationen wird kein Anspruch auf Vollst\u00e4ndigkeit, Aktualit\u00e4t, Qualit\u00e4t und Richtigkeit erhoben. Es kann keine Verantwortung f\u00fcr Sch\u00e4den \u00fcbernommen werden, die durch das Vertrauen auf die Inhalte dieser Website oder deren Gebrauch entstehen.<\/span><\/h5>\n","protected":false},"excerpt":{"rendered":"<p>Impressum F\u00fcr: AMC Arzbach e.V. im ADAC Gem\u00e4\u00df \u00a728 BDSG widerspreche ich jeder kommerziellen Verwendung und Weitergabe unserer Daten Verantwortungsbereich: Das Impressum gilt nur f\u00fcr die Internetpr\u00e4senz unter der Adresse: www.amc-arzbach.de Abgrenzung: Die Web-Pr\u00e4senz ist Teil des WWW und dementsprechend mit fremden, sich jederzeit wandeln k\u00f6nnenden Websites verkn\u00fcpft, die folglich auch nicht diesem Verantwortungsbereich unterliegen [&hellip;]<\/p>\n","protected":false},"author":1,"featured_media":0,"parent":0,"menu_order":0,"comment_status":"open","ping_status":"open","template":"","meta":{"footnotes":""},"class_list":["post-78","page","type-page","status-publish","hentry"],"_links":{"self":[{"href":"https:\/\/news.amc-arzbach.de\/index.php?rest_route=\/wp\/v2\/pages\/78","targetHints":{"allow":["GET"]}}],"collection":[{"href":"https:\/\/news.amc-arzbach.de\/index.php?rest_route=\/wp\/v2\/pages"}],"about":[{"href":"https:\/\/news.amc-arzbach.de\/index.php?rest_route=\/wp\/v2\/types\/page"}],"author":[{"embeddable":true,"href":"https:\/\/news.amc-arzbach.de\/index.php?rest_route=\/wp\/v2\/users\/1"}],"replies":[{"embeddable":true,"href":"https:\/\/news.amc-arzbach.de\/index.php?rest_route=%2Fwp%2Fv2%2Fcomments&post=78"}],"version-history":[{"count":0,"href":"https:\/\/news.amc-arzbach.de\/index.php?rest_route=\/wp\/v2\/pages\/78\/revisions"}],"wp:attachment":[{"href":"https:\/\/news.amc-arzbach.de\/index.php?rest_route=%2Fwp%2Fv2%2Fmedia&parent=78"}],"curies":[{"name":"wp","href":"https:\/\/api.w.org\/{rel}","templated":true}]}}